{"id":324,"date":"2025-09-01T10:07:00","date_gmt":"2025-09-01T10:07:00","guid":{"rendered":"https:\/\/www.suomussalmirock.fi\/?page_id=324"},"modified":"2026-03-16T09:23:46","modified_gmt":"2026-03-16T09:23:46","slug":"suomussalmen-musiikkiyhdistys-ry","status":"publish","type":"page","link":"http:\/\/www.suomussalmirock.fi\/","title":{"rendered":"Suomussalmen Musiikkiyhdistys ry"},"content":{"rendered":"\n<p>Nostalginen SuMU ry on perustettu uudelleen 4.9.2025. Yhdistys jatkaa Suomussalmen kunniakkaan musiikkitoimijan uraa uusin voimin. N\u00e4ille sivuille p\u00e4ivittyy koko ajan uutta tietoa, SuMun historiaa ja materiaalia, pysy kuulolla!<\/p>\n\n\n\n<figure class=\"wp-block-image size-full\"><img loading=\"lazy\" decoding=\"async\" width=\"990\" height=\"700\" src=\"https:\/\/www.suomussalmirock.fi\/wp-content\/uploads\/2025\/09\/logo-netti-kopio.jpg\" alt=\"\" class=\"wp-image-347\" srcset=\"http:\/\/www.suomussalmirock.fi\/wp-content\/uploads\/2025\/09\/logo-netti-kopio.jpg 990w, http:\/\/www.suomussalmirock.fi\/wp-content\/uploads\/2025\/09\/logo-netti-kopio-300x212.jpg 300w, http:\/\/www.suomussalmirock.fi\/wp-content\/uploads\/2025\/09\/logo-netti-kopio-768x543.jpg 768w\" sizes=\"auto, (max-width: 990px) 100vw, 990px\" \/><\/figure>\n\n\n\n<h2 class=\"wp-block-heading\">Suviy\u00f6n Sumutus tulee taas!<\/h2>\n\n\n\n<figure class=\"wp-block-image size-large\"><img loading=\"lazy\" decoding=\"async\" width=\"819\" height=\"1024\" src=\"https:\/\/www.suomussalmirock.fi\/wp-content\/uploads\/2026\/01\/WhatsApp-Image-2026-01-29-at-09.05.35-819x1024.jpeg\" alt=\"\" class=\"wp-image-512\" srcset=\"http:\/\/www.suomussalmirock.fi\/wp-content\/uploads\/2026\/01\/WhatsApp-Image-2026-01-29-at-09.05.35-819x1024.jpeg 819w, http:\/\/www.suomussalmirock.fi\/wp-content\/uploads\/2026\/01\/WhatsApp-Image-2026-01-29-at-09.05.35-240x300.jpeg 240w, http:\/\/www.suomussalmirock.fi\/wp-content\/uploads\/2026\/01\/WhatsApp-Image-2026-01-29-at-09.05.35-768x960.jpeg 768w, http:\/\/www.suomussalmirock.fi\/wp-content\/uploads\/2026\/01\/WhatsApp-Image-2026-01-29-at-09.05.35.jpeg 1080w\" sizes=\"auto, (max-width: 819px) 100vw, 819px\" \/><\/figure>\n\n\n\n<h2 class=\"wp-block-heading\">T\u00e4ss\u00e4 ennakkotietoa ohjelmasta!<\/h2>\n\n\n\n<figure class=\"wp-block-image size-large\"><img loading=\"lazy\" decoding=\"async\" width=\"819\" height=\"1024\" src=\"https:\/\/www.suomussalmirock.fi\/wp-content\/uploads\/2026\/01\/WhatsApp-Image-2026-01-27-at-18.49.22-819x1024.jpeg\" alt=\"\" class=\"wp-image-516\" srcset=\"http:\/\/www.suomussalmirock.fi\/wp-content\/uploads\/2026\/01\/WhatsApp-Image-2026-01-27-at-18.49.22-819x1024.jpeg 819w, http:\/\/www.suomussalmirock.fi\/wp-content\/uploads\/2026\/01\/WhatsApp-Image-2026-01-27-at-18.49.22-240x300.jpeg 240w, http:\/\/www.suomussalmirock.fi\/wp-content\/uploads\/2026\/01\/WhatsApp-Image-2026-01-27-at-18.49.22-768x960.jpeg 768w, http:\/\/www.suomussalmirock.fi\/wp-content\/uploads\/2026\/01\/WhatsApp-Image-2026-01-27-at-18.49.22.jpeg 1080w\" sizes=\"auto, (max-width: 819px) 100vw, 819px\" \/><\/figure>\n\n\n\n<h2 class=\"wp-block-heading\">Liity j\u00e4seneksi SuMuun!<\/h2>\n\n\n\n<p>J\u00e4senmaksu on 10 euroa vuosi\/hl\u00f6. Jos haluat, voit liitty\u00e4 SuMun j\u00e4seneksi my\u00f6s 20-50 eurolla, joista 10 euroa on j\u00e4senmaksua, loput kannatusmaksua alkavalle yhdistykselle. T\u00e4m\u00e4 kannatusmaksu on siis vapaaehtoinen eik\u00e4 sido mihink\u00e4\u00e4n. Yhdistyksemme tilin saldo alkoi nollasta eli nousemme tuhkasta kuin Feniks-lintu konsanaan!<\/p>\n\n\n\n<p><strong>Toimi siis seuraavasti<\/strong>: Maksa j\u00e4senmaksu (10-50 euroa) <strong>omalla nimell\u00e4si<\/strong> tilille FI5557600320412652, viitenumeroa ei k\u00e4ytet\u00e4, vaan kirjoita viestikentt\u00e4\u00e4n vain <strong>puhelinnumerosi ja s\u00e4hk\u00f6postiosoitteesi<\/strong>. N\u00e4in saamme sinuun yhteyden tarvittaessa. Joidenkin pankkien viestiin ei voi laittaa erikoismerkki\u00e4 @, laita silloin tilalle kirjaimet ad, siit\u00e4 saamme yl\u00f6s s\u00e4hk\u00f6postisi osoitteen.<\/p>\n\n\n\n<p>Kirjaamme j\u00e4seni\u00e4 yl\u00f6s sit\u00e4 mukaa kun niit\u00e4 tulee. Aikoinaan SuMun j\u00e4seni\u00e4 oli jopa 400 eli siihen pyrit\u00e4\u00e4n. T\u00e4t\u00e4 viesti\u00e4 saa levitt\u00e4\u00e4 ja lis\u00e4tietoja antaa tarvittaessa Nakke Rannikko p.050-5369476.<\/p>\n\n\n\n<figure class=\"wp-block-image size-large\"><img loading=\"lazy\" decoding=\"async\" width=\"1024\" height=\"385\" src=\"https:\/\/www.suomussalmirock.fi\/wp-content\/uploads\/2026\/01\/logo-26-kopio-1024x385.jpg\" alt=\"\" class=\"wp-image-449\" srcset=\"http:\/\/www.suomussalmirock.fi\/wp-content\/uploads\/2026\/01\/logo-26-kopio-1024x385.jpg 1024w, http:\/\/www.suomussalmirock.fi\/wp-content\/uploads\/2026\/01\/logo-26-kopio-300x113.jpg 300w, http:\/\/www.suomussalmirock.fi\/wp-content\/uploads\/2026\/01\/logo-26-kopio-768x289.jpg 768w, http:\/\/www.suomussalmirock.fi\/wp-content\/uploads\/2026\/01\/logo-26-kopio-1536x578.jpg 1536w, http:\/\/www.suomussalmirock.fi\/wp-content\/uploads\/2026\/01\/logo-26-kopio-2048x770.jpg 2048w\" sizes=\"auto, (max-width: 1024px) 100vw, 1024px\" \/><\/figure>\n\n\n\n<p><strong>MENOSSA VAHVASTI MUKANA, lue lis\u00e4\u00e4 yhteisty\u00f6kumppanaistamme:<\/strong><\/p>\n\n\n\n<figure class=\"wp-block-image size-large\"><img loading=\"lazy\" decoding=\"async\" width=\"1024\" height=\"201\" src=\"http:\/\/www.suomussalmirock.fi\/wp-content\/uploads\/2026\/02\/logot-1024x201.jpg\" alt=\"\" class=\"wp-image-547\" srcset=\"http:\/\/www.suomussalmirock.fi\/wp-content\/uploads\/2026\/02\/logot-1024x201.jpg 1024w, http:\/\/www.suomussalmirock.fi\/wp-content\/uploads\/2026\/02\/logot-300x59.jpg 300w, http:\/\/www.suomussalmirock.fi\/wp-content\/uploads\/2026\/02\/logot-768x151.jpg 768w, http:\/\/www.suomussalmirock.fi\/wp-content\/uploads\/2026\/02\/logot-1536x302.jpg 1536w, http:\/\/www.suomussalmirock.fi\/wp-content\/uploads\/2026\/02\/logot.jpg 1856w\" sizes=\"auto, (max-width: 1024px) 100vw, 1024px\" \/><\/figure>\n\n\n\n<p><a href=\"https:\/\/www.op.fi\/osuuspankit\/op-kainuu\/\" data-type=\"link\" data-id=\"https:\/\/www.op.fi\/osuuspankit\/op-kainuu\/\">OP Kainuu<\/a>            <a href=\"https:\/\/www.lahitapiola.fi\/henkilo\/\" data-type=\"link\" data-id=\"https:\/\/www.lahitapiola.fi\/henkilo\/\">L\u00e4hitapiola<\/a>              <a href=\"https:\/\/suomussalmi.fi\/fi\" data-type=\"link\" data-id=\"https:\/\/suomussalmi.fi\/fi\">Suomussalmen kunta<\/a>              <a href=\"https:\/\/oulu2026.eu\/\" data-type=\"link\" data-id=\"https:\/\/oulu2026.eu\/\">Oulu 2026<\/a><\/p>\n\n\n\n<p>Suomussalmi rock-tapahtuma on ensi kes\u00e4n\u00e4 viikon mittainen, alkaen maanantaista 13.7. ja p\u00e4\u00e4ttyen sunnuntaihin 19.7.2026. Ohjelman muutokset ovat viel\u00e4 t\u00e4ss\u00e4 vaiheessa mahdollisia, mutta t\u00e4ss\u00e4 yhteenvetoa tulevasta:<\/p>\n\n\n\n<h2 class=\"wp-block-heading\">Lis\u00e4infoa tulevasta:<\/h2>\n\n\n\n<p>Maanantaina 13.7. tapahtuu KATUJEN VALTAUS!, jolloin jalkaudumme kylien kaduille ja toreille eri taiteenlajien kanssa. Toivomme siis tapahtumaan mahdollisimman suurta kirjoa musiikkia, tanssia, taidetta, performanssia, n\u00e4yttelyit\u00e4. T\u00e4h\u00e4n haemme nyt ohjelmantekij\u00f6it\u00e4 ja katusoittajia, tanssijoita, ryhmi\u00e4. Maanantaina avataan my\u00f6s taiteilijoiden yhteisn\u00e4yttelytila, johonkin kyl\u00e4n keskustan kiinteist\u00f6\u00f6n. Jos sinulla on idea tai haave jonka haluaisit toteuttaa, olet tervetullut mukaan. Ilmoittautumiset\/tiedustelut HUOM! VAIN s\u00e4hk\u00f6postiin: suomussalmi.rock@gmail.com<\/p>\n\n\n\n<p>Haemme nyt siis valmiita esityksi\u00e4, ei vain toiveita siit\u00e4 mit\u00e4 pit\u00e4isi esitt\u00e4\u00e4. Esitykset ja n\u00e4yttelyt voivat jatkua pitkin viikkoakin. Maanantai illan p\u00e4\u00e4tt\u00e4\u00e4 teemaristeily Kianta-laivalla klo 18-20<\/p>\n\n\n\n<p>Tiistaina 14.7. on R\u00c4NTT\u00c4FEST Pesi\u00f6n vanhalla koululla, jonne linja-auto l\u00e4htee uudelta linja-autoasemalta klo 17. P\u00e4\u00e4esiintyj\u00e4n\u00e4 VILLE LEINONEN! Muita esiintyji\u00e4 mm. RISKI KARHU, MARIKA ja lista t\u00e4ydentyy koko ajan. Kyydin hinta vain 10\u20ac k\u00e4teisell\u00e4. P\u00e4iv\u00e4n muu ohjelma t\u00e4ydentyy kev\u00e4\u00e4n mittaan.<\/p>\n\n\n\n<p>Keskiviikko 15.7. p\u00e4iv\u00e4n ohjelma viel\u00e4 avoin, mutta illalla klo 18 retkibussimme suuntaa ensin Salovaaran myllylle, jossa tutustumme Ulla Harjun tilataiden\u00e4yttelyyn Myllykarhu her\u00e4\u00e4! vanhan kunnostetun myllyn maisemissa. Myllyll\u00e4 on my\u00f6s yhteislauluhetki ja mahdollisuus makkaranpaistoon Kiannan kyl\u00e4toimikunnan kanssa. Matka jatkuu klo 20.30 Piispaj\u00e4rvelle Piispan Pys\u00e4kille, jossa esiintyy THE JUSTEERS. Paluu klo 23 j\u00e4lkeen \u00c4mm\u00e4nsaareen. Retken hinta vain 20\u20ac k\u00e4teisell\u00e4.<\/p>\n\n\n\n<p>Torstai 16.7. ohjelma on viel\u00e4 varmistumatta, Kianta-laiva seilaa torstainakin klo 18-21. N\u00e4ist\u00e4 tarkemmin my\u00f6hemmin.<\/p>\n\n\n\n<p>Perjantaina 17.7. tapahtuu paljon. Uutuutena ohjelmaan tulee nuorille suunnattu rap-ja konemusiikin festari R\u00c4P\u00c4MM\u00c4 \u00c4mm\u00e4nsaaren J\u00e4tk\u00e4npuistossa klo 15-18, jossa kainuulaiset ja muun Suomen nuoret ja uudet r\u00e4pp\u00e4rit esiintyv\u00e4t.  Kainuussa kovasti suosiota ker\u00e4nnyt nuori sotkamolainen r\u00e4pp\u00e4ri LUMOTTU VERI on yksi konsertin p\u00e4\u00e4t\u00e4hti\u00e4.  Rap\/konefestarin esiintyji\u00e4 briiffaa\/vastaanottaa Uma Nissi ja HUOM! vain s\u00e4hk\u00f6postilla: luovaranttala@gmail.com<\/p>\n\n\n\n<p>Ilta jatkuu perinteiseen tapaan Hiljaisella Kansalla klo 17 ja kaikissa kyl\u00e4n ravintoloissa my\u00f6hemmin. My\u00f6s laivarannan rokkibaari palvelee ja\/tai laiva risteilee. Kalevassa aloitellaan klo 19, muut ravintolat n\u00e4ill\u00e4 n\u00e4kymin klo 21 tienoilla, mutta koko kyl\u00e4 siis rokkaa l\u00e4pi illan ja alkuy\u00f6n. Bussikuljetukset Suomussalmen ja \u00c4mm\u00e4nsaaren v\u00e4lill\u00e4 toteutetaan Matkamoilasen busseilla entiseen malliin.<\/p>\n\n\n\n<p>Lauantaina 18.7. klo 11.30-12.30 on Seurahuoneen takapihan lavalla Kevyesti keskell\u00e4 p\u00e4iv\u00e4\u00e4 &#8211; The Heater -konsertti.  13 alkaa SUVIY\u00d6N SUMUTUS- p\u00e4\u00e4konsertti 25 vuoden tauon j\u00e4lkeen. P\u00e4\u00e4esiintyjin\u00e4 kiinnitetty SAARISALO, RABBIT CULT, HIMANEN, TANI GROUP. Lis\u00e4\u00e4 infoa muista esiintyjist\u00e4 piakkoin. Lavoja tulee kaksi, iso ja pieni lava, jolloin musiikki jatkuu tauotta koko ajan. Pieni intiimi lava tulee laivarantaan Kianta-laivabaarin kylkeen, jossa voi piipahtaa v\u00e4liajoilla. Alueella ruoanmyynti\u00e4 ja muuta s\u00e4l\u00e4\u00e4 ja aktiviteettia.<\/p>\n\n\n\n<p>Ilmoittautumiset p\u00e4\u00e4konserttiin VAIN s\u00e4hk\u00f6postilla: suomussalmi.rock@gmail.com<\/p>\n\n\n\n<p>Ravintolat vastaanottavat my\u00f6s esiintyji\u00e4 entiseen tapaan ja yhteydenotot niiss\u00e4 aina suoraan ravintoloihin, ei rokkipostiin.<\/p>\n\n\n\n<p>Lauantai-Ilta jatkuu kyl\u00e4n kaikissa ravintoloissa tuttuun tapaan ja Soiva Laiva seilaa klo 19-21.<\/p>\n\n\n\n<p>Sunnuntaina 19.7. on luvassa ainakin kes\u00e4teatteriesitys, katsotaan tuleeko sinnekin viel\u00e4 rock-viikon ohjelmaa. Mutta t\u00e4ss\u00e4 siis v\u00e4liaikatietoja tulevasta.<\/p>\n\n\n\n<p>Olemme jo saaneet rahoitusta kunnalta ja yksityisilt\u00e4 lahjoittajilta tulevalla kes\u00e4lle, siit\u00e4 suuret kiitokset! Koska ohjelma on vieraille ilmainen, rahoitusta tarvitaan viel\u00e4 lis\u00e4\u00e4 j\u00e4rjestelyihin. Tarvitsemme my\u00f6s vapaaehtoisia j\u00e4rjestysmiehi\u00e4 ja-naisia sek\u00e4 muutakin talkoov\u00e4ke\u00e4, soittakaa p. 050-5369476.<\/p>\n\n\n\n<p>Yritykset ja yhteis\u00f6t, jos teill\u00e4 on kiinnostusta ja halua osallistua\/tukea festivaalia, ottakaa yhteytt\u00e4 allekirjoittaneeseen. Kaikki tuki ja talkoovoima on nyt tarpeen kun teemme t\u00e4t\u00e4 meille kaikille yhteist\u00e4 tapahtumaa, jossa jokainen, pienikin palanen, on yht\u00e4 t\u00e4rke\u00e4. Kauan el\u00e4k\u00f6\u00f6n Suomussalmirock!<\/p>\n\n\n\n<figure class=\"wp-block-image size-large\"><img loading=\"lazy\" decoding=\"async\" width=\"1024\" height=\"801\" src=\"https:\/\/www.suomussalmirock.fi\/wp-content\/uploads\/2025\/09\/sumu-1024x801.jpg\" alt=\"\" class=\"wp-image-335\" srcset=\"http:\/\/www.suomussalmirock.fi\/wp-content\/uploads\/2025\/09\/sumu-1024x801.jpg 1024w, http:\/\/www.suomussalmirock.fi\/wp-content\/uploads\/2025\/09\/sumu-300x235.jpg 300w, http:\/\/www.suomussalmirock.fi\/wp-content\/uploads\/2025\/09\/sumu-768x601.jpg 768w, http:\/\/www.suomussalmirock.fi\/wp-content\/uploads\/2025\/09\/sumu-1536x1201.jpg 1536w, http:\/\/www.suomussalmirock.fi\/wp-content\/uploads\/2025\/09\/sumu.jpg 1960w\" sizes=\"auto, (max-width: 1024px) 100vw, 1024px\" \/><figcaption class=\"wp-element-caption\">Yl\u00e4-Kainuu 1985<\/figcaption><\/figure>\n","protected":false},"excerpt":{"rendered":"<p>Nostalginen SuMU ry on perustettu uudelleen 4.9.2025. Yhdistys jatkaa Suomussalmen kunniakkaan musiikkitoimijan uraa uusin voimin. N\u00e4ille sivuille p\u00e4ivittyy koko ajan uutta tietoa, SuMun historiaa ja materiaalia, pysy kuulolla! Suviy\u00f6n Sumutus tulee taas! T\u00e4ss\u00e4 ennakkotietoa ohjelmasta! Liity j\u00e4seneksi SuMuun! J\u00e4senmaksu on 10 euroa vuosi\/hl\u00f6. Jos haluat, voit liitty\u00e4 SuMun j\u00e4seneksi my\u00f6s 20-50 eurolla, joista 10 euroa [&hellip;]<\/p>\n","protected":false},"author":1,"featured_media":0,"parent":0,"menu_order":0,"comment_status":"closed","ping_status":"closed","template":"","meta":{"footnotes":""},"class_list":["post-324","page","type-page","status-publish","hentry"],"_links":{"self":[{"href":"http:\/\/www.suomussalmirock.fi\/index.php\/wp-json\/wp\/v2\/pages\/324","targetHints":{"allow":["GET"]}}],"collection":[{"href":"http:\/\/www.suomussalmirock.fi\/index.php\/wp-json\/wp\/v2\/pages"}],"about":[{"href":"http:\/\/www.suomussalmirock.fi\/index.php\/wp-json\/wp\/v2\/types\/page"}],"author":[{"embeddable":true,"href":"http:\/\/www.suomussalmirock.fi\/index.php\/wp-json\/wp\/v2\/users\/1"}],"replies":[{"embeddable":true,"href":"http:\/\/www.suomussalmirock.fi\/index.php\/wp-json\/wp\/v2\/comments?post=324"}],"version-history":[{"count":44,"href":"http:\/\/www.suomussalmirock.fi\/index.php\/wp-json\/wp\/v2\/pages\/324\/revisions"}],"predecessor-version":[{"id":567,"href":"http:\/\/www.suomussalmirock.fi\/index.php\/wp-json\/wp\/v2\/pages\/324\/revisions\/567"}],"wp:attachment":[{"href":"http:\/\/www.suomussalmirock.fi\/index.php\/wp-json\/wp\/v2\/media?parent=324"}],"curies":[{"name":"wp","href":"https:\/\/api.w.org\/{rel}","templated":true}]}}