{"id":327,"date":"2025-09-01T10:12:17","date_gmt":"2025-09-01T10:12:17","guid":{"rendered":"https:\/\/www.suomussalmirock.fi\/?page_id=327"},"modified":"2026-01-15T07:26:43","modified_gmt":"2026-01-15T07:26:43","slug":"suomussalmirock-kumppanit","status":"publish","type":"page","link":"https:\/\/www.suomussalmirock.fi\/index.php\/suomussalmirock-kumppanit\/","title":{"rendered":"Suomussalmirockin ja SuMu ry:n historiaa"},"content":{"rendered":"\n<p>Suomussalmen Musiikkiyhdistys ry laitettiin alulle jo vuonna 1979. Virallinen perustamiskokous oli 17.5.1980. Perustajaj\u00e4senet olivat Seppo &#8221;Lepe&#8221; Haapalainen, Matti &#8221;Ato&#8221; Maukonen ja Jari &#8221;Jarska&#8221; Hiltunen.<\/p>\n\n\n\n<p>Vietettiin punkin j\u00e4lkimaininkeja ja uudenaallon nousuaikaa. El\u00e4v\u00e4n musiikin yhdistyksi\u00e4 nousi kuin sieni\u00e4 sateella ymp\u00e4ri Suomea ja omien festarien j\u00e4rjest\u00e4misinto ja talkoohenki oli huipussaan. B\u00e4ndej\u00e4kin syntyi enn\u00e4tysm\u00e4isen paljon punkin ja uudenaallon my\u00f6t\u00e4. Tarvittiin soittotiloja ja Suomussalmella nuoriso tuli kunnantalolle asti vaatimaan omaa nuorisotaloa, joka my\u00f6hemmin saatiinkin.<\/p>\n\n\n\n<p>Itse v\u00e4s\u00e4tyt pienlehdet ja erilaiset underground-julkaisut tekiv\u00e4t my\u00f6s hyvin kauppaansa. Samalla syntyi uusia pienempi\u00e4 levy-yhti\u00f6it\u00e4 ja omakustanteisia vinyylisingle julkaisuja. Suomussalmelainen Kiss My Ass-yhtye p\u00e4\u00e4si jopa  levytt\u00e4m\u00e4\u00e4n singlen HiHat-levymerkille 80-luvun alussa. 1980-luvulle tultaessa musiikkityylit vaihtuivat hiljaa kasariin. Dingon kaltaisten b\u00e4ndien menestyksen my\u00f6t\u00e4 b\u00e4ndien hinnat alkoivat nousta ja nimib\u00e4ndien saaminen festareille alkoi olla haastavaa. 90-luvun lopulla isommat keikat keskittyiv\u00e4t pikkuhiljaa suurempien j\u00e4rjest\u00e4jien k\u00e4siin.<\/p>\n\n\n\n<p>Ensimm\u00e4isin\u00e4 vuosina 1980-luvulla Lomakyl\u00e4n alue, kes\u00e4teatteri ja Lomakyl\u00e4n ravintola toimivat rock-tapahtuman n\u00e4ytt\u00e4m\u00f6n\u00e4, sitten siirryttiin J\u00e4tk\u00e4npuistoon ja Hotelli Kantakievariin. My\u00f6hemmin 2000-luvulla on rokattu ymp\u00e4ri kyl\u00e4\u00e4 Kauppakatua ja Sampolan sis\u00e4pihaa my\u00f6ten ja kaikissa kyl\u00e4n ravintoloissa..<\/p>\n\n\n\n<p>Nyt on taas alkanut olla monenlaisia pienoisfestareita ymp\u00e4ri Suomea, joten usko paikallisiin tapahtumiin on palautumassa. Siihen uusi Sumukin t\u00e4ht\u00e4\u00e4.<\/p>\n\n\n\n<p>Alla on listaa Suviy\u00f6n Sumutusten b\u00e4ndikattauksista. Aika huikea lista ja se sai jatkoa Sumun lopetettua, jolloin tapahtumia j\u00e4rjestettiin 2000 -luvun vaihteessa. Vuonna 2004 se j\u00e4rjestettiin virallisesti Suviy\u00f6n Usmutus-nimell\u00e4 ja j\u00e4rjest\u00e4j\u00e4n\u00e4 tuolloin oli EVVK -yhdistys. Vuonna 2006 pidettiin ensimm\u00e4inen Suomussalmirock ja Usmutukset loppuivat. Nyt olemme t\u00e4ss\u00e4 ja vuosi on 2025, yli nelj\u00e4 vuosikymment\u00e4 on siis tapahtumia jo j\u00e4rjestetty.<\/p>\n\n\n\n<figure class=\"wp-block-image size-large\"><img loading=\"lazy\" decoding=\"async\" width=\"1024\" height=\"663\" src=\"https:\/\/www.suomussalmirock.fi\/wp-content\/uploads\/2025\/09\/kohakkarock-1024x663.jpg\" alt=\"\" class=\"wp-image-333\" srcset=\"https:\/\/www.suomussalmirock.fi\/wp-content\/uploads\/2025\/09\/kohakkarock-1024x663.jpg 1024w, https:\/\/www.suomussalmirock.fi\/wp-content\/uploads\/2025\/09\/kohakkarock-300x194.jpg 300w, https:\/\/www.suomussalmirock.fi\/wp-content\/uploads\/2025\/09\/kohakkarock-768x497.jpg 768w, https:\/\/www.suomussalmirock.fi\/wp-content\/uploads\/2025\/09\/kohakkarock.jpg 1500w\" sizes=\"auto, (max-width: 1024px) 100vw, 1024px\" \/><figcaption class=\"wp-element-caption\">K\u00f6h\u00e4kk\u00e4rock 1983 ja Palapeili yhtye J\u00e4tk\u00e4npuistossa ennen lavan rakennusta<\/figcaption><\/figure>\n\n\n\n<p><strong>Suviy\u00f6n sumutuksen esiintyj\u00e4t 1980-1999<\/strong> (listan laatinut Mirja Humalam\u00e4ki)<\/p>\n\n\n\n<p>1980: Hassisen Kone, Yrj\u00f6 &amp; Co, Neuroosi, Paise, KMA, Viimeinen Toivo<\/p>\n\n\n\n<p>1981: Woude, Se, Yrj\u00f6 &amp; Co, Gamblers, Skatsitz, Joka Poika<\/p>\n\n\n\n<p>1982: Tori, Soittorasia, Palapeili, H Hoino<\/p>\n\n\n\n<p>1983: Todistettavasti v\u00e4livuosi, K\u00f6h\u00e4kk\u00e4rockin nimell\u00e4 ainakin Palapeili, Lady Island ja Leo Wanka J\u00e4tk\u00e4npuistossa!<\/p>\n\n\n\n<p>1984: 22-Pistepirkko, Se, Manner Blues Band, Lady Island, Zug Bug, Palapeili, Dreija, Breakdown<\/p>\n\n\n\n<p>1985: Sielun Veljet, Eppu Normaali, Rauli Badding Somerjoki &amp; Hannu Raatikainen, Karu Selli, Motelli Skronkle, Tiikerikakku, Pettu-orkesteri, Three Jacks<\/p>\n\n\n\n<p>1986: Kolmas Nainen, Peer Gunt, J Karjalainen ja Mustat Lasit, Juliet Jonesin Syd\u00e4n, Claudia, Jolly Jumpers, Ei!ei!, Motelli Skronkle, Tunnelbana Br\u00f6der, Nimet\u00f6n<\/p>\n\n\n\n<p>1987: Sleepy Sleepers, Kolmas Nainen, Nelj\u00e4 Ruusua, Clifters, Melrose, Tarot, Motelli Skronkle, Rantanplan, Hannu Mittari, Playmate, Fogtus Band, The New Beatroots<\/p>\n\n\n\n<p>1988: 22-Pistepirkko, Sielun Veljet, Boycott, Giddyups, Tanna, Jalla Jalla, Marco &amp; the Missing Parts, Kumikameli, Jolly Jumpers, S.U.B., Kivijalat, Jemelesmess, Wild Jays, Highway<\/p>\n\n\n\n<p>1989: 22-Pistepirkko, Kolmas Nainen, Irwin, Raggars, Electric Blue Peggy Sue and the Revolutionions from Mars, Yari &amp; MXYZPTLK, Jalla Jalla, Kumikameli, Maaseudun Tulevaisuus, Loputkin Loat, Sairaat Hoitajat, Wild Jays, Roxon, S\u00e4kkipimee, Matti Hyv\u00e4rinen<\/p>\n\n\n\n<p>1990: Villu Tamme &amp; J.M.K.E. (RUS), Pelle Miljoona, Radiopuhelimet, Kelpo Pojat, Barefoot Brothers, Penniless People of Bulgaria, Mana Mana, Psychoplasma, Jimi Tenor &amp; His Shamans, Greedy Pig, Norma Jean Blue, Isse Hilleri, Three Jacks, Sairaat Hoitajat<\/p>\n\n\n\n<p>1991: Poverty Stinks, Aknestik, Sir Elwoodin Hiljaiset V\u00e4rit, Horsepower, Russian Love, Doobie Twisters, Amazing Tails, D&#8217;Ache, Several Spiecies of Small Fury Animals, Fiksulintu, Mahtavat L\u00e4mp\u00f6pussit, Three Jacks, Sairaat Hoitajat, Perunamuusikot, Cuba Libre<\/p>\n\n\n\n<p>1992: Alivaltiosihteeri, Dave Lindholm, Poverty Stinks, Generators, Peppermints, Russian Love, Jalla Jalla, Faithfully Underground, Tropical Hoddogs, Isse Hilleri<\/p>\n\n\n\n<p>1993: The Lost T-Shirts of Atlantis UK, Radiopuhelimet, Jolly Jumpers, Supperheads, Pojat, Greenhouse AC, The Nightingales, Tynk\u00e4-Aknestik, The Good Joes, Gore Doctore, Sonic Rain, Public Enema, Easy Solution<\/p>\n\n\n\n<p>1994: Dallas Wayne &amp; the Dimlights USA, Generators, El\u00e4kel\u00e4iset, Electric Blue Peggy Sue and the Revolutionions from Mars, Jalla Jalla, Keinuva Lahna, Slumgudgeon, Thanks for Nothing, Dragon&#8217;s Tail, Mahtavat L\u00e4mp\u00f6pussit, Slice, Vox Flatus, Public Enema, Jyrkin Siipi, SveMo, Lantapatteri<\/p>\n\n\n\n<p>1995: Kauko R\u00f6yhk\u00e4, Pauli Hanhiniemen Perunateatteri, Greenhouse AC, Circle, Russian Love, Electric Blue Peggy Sue and the Revolutionions from Mars,The Miracle G(y)rlz Saksa, Larry and the Lefthanded, Karkkiautomaatti, Apulanta, Vox Flatus, Public Enema, Suffering Pumpkins, Lantapatteri<\/p>\n\n\n\n<p>1996: Laika &amp; the Cosmonauts, YUP, Don Huonot, Rasmus, Honey B &amp; T-bones, Radiopuhelimet, Jolly Jumpers, Penniless People of Bulgaria, Luxury Spit, Vox Flatus, Ylistys &amp; Kunnia<\/p>\n\n\n\n<p>1997: Lemonator, Super, Zen Caf\u00e9, Thee Ultra Bimboos, Klamydia, Sub Urban Tribe, St Mucus, Against it All, Russian Love, Lyijykompanja, Frederiks, Cremation<\/p>\n\n\n\n<p>1998: Historian toinen \u201dv\u00e4livuosi\u201d.<\/p>\n\n\n\n<p>1999: Pikku Sumutus Valtakunnallisten kotiseutup\u00e4ivien yhteydess\u00e4: Nightwish, Lemonator, Cartoon Tree, Armas Kes\u00e4keto ja Kohteliaat Kukkaispojat, Kati ja pojat.<\/p>\n\n\n\n<figure class=\"wp-block-image size-full\"><img loading=\"lazy\" decoding=\"async\" width=\"515\" height=\"386\" src=\"https:\/\/www.suomussalmirock.fi\/wp-content\/uploads\/2025\/09\/Usmutus.jpg\" alt=\"\" class=\"wp-image-385\" srcset=\"https:\/\/www.suomussalmirock.fi\/wp-content\/uploads\/2025\/09\/Usmutus.jpg 515w, https:\/\/www.suomussalmirock.fi\/wp-content\/uploads\/2025\/09\/Usmutus-300x225.jpg 300w\" sizes=\"auto, (max-width: 515px) 100vw, 515px\" \/><figcaption class=\"wp-element-caption\">Usmutuksen tekij\u00f6ij\u00e4, kuva KIrsi Haapea<\/figcaption><\/figure>\n\n\n\n<p>V\u00e4lill\u00e4 2000-2003 oli my\u00f6s eri esiintyji\u00e4, (joiden nimi\u00e4 kaivataan t\u00e4nne, kuka muistaa), mutta vuonna 2004 Festari pidettiin virallisesti Suviy\u00f6n Usmutus -nimell\u00e4, jonka j\u00e4rjesti E.V.V.K -yhdistys. Usmutuksen p\u00e4\u00e4esiintyj\u00e4t olivat Protoni ja Kilpi. Festareilla soittivat my\u00f6s E75, Iloinen Py\u00f6veli, paikallinen GameBoys, Riku and the Nightvisions ja Stiff Flavor sek\u00e4 tytt\u00f6b\u00e4ndi Clamour, Lumina Polaris, Final Dawn ja paikallinen Dian.<\/p>\n\n\n\n<p>Vuonna 2005 Nakke tapasi vanhat Sumun perustajaj\u00e4senet Lepen ja Jarskan vanhan paloaseman pihalla, jossa muisteltiin kyl\u00e4n pitk\u00e4\u00e4 rock-taivalta. Silloin heitettiin ilmaan ajatus vanhojen b\u00e4ndien kokoontumisajoista. Nakke ja Moilasen Rami vanhoina aktiiveina ryhtyiv\u00e4t kasaaman uutta Suomussalmirock-festivaalia, aluksi yhteisty\u00f6ss\u00e4 E.V.V.K:n kanssa vuonna 2006.<\/p>\n\n\n\n<figure class=\"wp-block-image size-full\"><img loading=\"lazy\" decoding=\"async\" width=\"690\" height=\"969\" src=\"https:\/\/www.suomussalmirock.fi\/wp-content\/uploads\/2025\/10\/juli0.jpg\" alt=\"\" class=\"wp-image-423\" srcset=\"https:\/\/www.suomussalmirock.fi\/wp-content\/uploads\/2025\/10\/juli0.jpg 690w, https:\/\/www.suomussalmirock.fi\/wp-content\/uploads\/2025\/10\/juli0-214x300.jpg 214w\" sizes=\"auto, (max-width: 690px) 100vw, 690px\" \/><figcaption class=\"wp-element-caption\">T\u00e4ll\u00e4 julisteella etsint\u00e4kuulutettiin vanhoja soittajia 2005-2006<\/figcaption><\/figure>\n\n\n\n<p>Tuo vuosi j\u00e4i muistoihin, sill\u00e4 ennenn\u00e4kem\u00e4t\u00f6n innostus syttyi ja kes\u00e4ll\u00e4 2006 Tervareitin sis\u00e4pihalla n\u00e4htiin 1000 hengen yleis\u00f6 ja p\u00e4iv\u00e4n aikana n. 25 takavuosien suomussalmelaisb\u00e4ndi\u00e4 vuosilta 1968-2006. Oli selv\u00e4\u00e4. ett\u00e4 Suomussalmirock tuli j\u00e4\u00e4d\u00e4kseen. paikat vaihtelivat vuosien aikana.<\/p>\n\n\n\n<figure class=\"wp-block-image size-full\"><img loading=\"lazy\" decoding=\"async\" width=\"952\" height=\"724\" src=\"https:\/\/www.suomussalmirock.fi\/wp-content\/uploads\/2025\/10\/juli1.jpg\" alt=\"\" class=\"wp-image-418\" srcset=\"https:\/\/www.suomussalmirock.fi\/wp-content\/uploads\/2025\/10\/juli1.jpg 952w, https:\/\/www.suomussalmirock.fi\/wp-content\/uploads\/2025\/10\/juli1-300x228.jpg 300w, https:\/\/www.suomussalmirock.fi\/wp-content\/uploads\/2025\/10\/juli1-768x584.jpg 768w\" sizes=\"auto, (max-width: 952px) 100vw, 952px\" \/><\/figure>\n\n\n\n<p>2006-2007 rokattiin Tervereitin sis\u00e4pihalla, sitten paikka vaihtui Hotelli Scandiciin.<\/p>\n\n\n\n<figure class=\"wp-block-image size-full\"><img loading=\"lazy\" decoding=\"async\" width=\"682\" height=\"979\" src=\"https:\/\/www.suomussalmirock.fi\/wp-content\/uploads\/2025\/10\/juli2.jpg\" alt=\"\" class=\"wp-image-419\" srcset=\"https:\/\/www.suomussalmirock.fi\/wp-content\/uploads\/2025\/10\/juli2.jpg 682w, https:\/\/www.suomussalmirock.fi\/wp-content\/uploads\/2025\/10\/juli2-209x300.jpg 209w\" sizes=\"auto, (max-width: 682px) 100vw, 682px\" \/><\/figure>\n\n\n\n<p>2008-2011 Suomussalmirock oli hotelli Scandicin alueella.<\/p>\n\n\n\n<figure class=\"wp-block-image size-full\"><img loading=\"lazy\" decoding=\"async\" width=\"700\" height=\"963\" src=\"https:\/\/www.suomussalmirock.fi\/wp-content\/uploads\/2025\/10\/juli3.jpg\" alt=\"\" class=\"wp-image-421\" srcset=\"https:\/\/www.suomussalmirock.fi\/wp-content\/uploads\/2025\/10\/juli3.jpg 700w, https:\/\/www.suomussalmirock.fi\/wp-content\/uploads\/2025\/10\/juli3-218x300.jpg 218w\" sizes=\"auto, (max-width: 700px) 100vw, 700px\" \/><\/figure>\n\n\n\n<p>2012 Suomussalmirock pidettiin kyl\u00e4ll\u00e4, Hotelli Scandic lopetti toiminnan.<\/p>\n\n\n\n<figure class=\"wp-block-image size-full\"><img loading=\"lazy\" decoding=\"async\" width=\"974\" height=\"698\" src=\"https:\/\/www.suomussalmirock.fi\/wp-content\/uploads\/2025\/10\/juli4.jpg\" alt=\"\" class=\"wp-image-429\" srcset=\"https:\/\/www.suomussalmirock.fi\/wp-content\/uploads\/2025\/10\/juli4.jpg 974w, https:\/\/www.suomussalmirock.fi\/wp-content\/uploads\/2025\/10\/juli4-300x215.jpg 300w, https:\/\/www.suomussalmirock.fi\/wp-content\/uploads\/2025\/10\/juli4-768x550.jpg 768w\" sizes=\"auto, (max-width: 974px) 100vw, 974px\" \/><\/figure>\n\n\n\n<p>2013-2014 Rokattiin Kauppakadulla, Seurahuone avattiin uutena ravintolana vuonna 2012 syksyll\u00e4.<\/p>\n\n\n\n<figure class=\"wp-block-image size-large\"><img loading=\"lazy\" decoding=\"async\" width=\"729\" height=\"1024\" src=\"https:\/\/www.suomussalmirock.fi\/wp-content\/uploads\/2025\/10\/juli7-729x1024.jpg\" alt=\"\" class=\"wp-image-432\" srcset=\"https:\/\/www.suomussalmirock.fi\/wp-content\/uploads\/2025\/10\/juli7-729x1024.jpg 729w, https:\/\/www.suomussalmirock.fi\/wp-content\/uploads\/2025\/10\/juli7-214x300.jpg 214w, https:\/\/www.suomussalmirock.fi\/wp-content\/uploads\/2025\/10\/juli7-768x1079.jpg 768w, https:\/\/www.suomussalmirock.fi\/wp-content\/uploads\/2025\/10\/juli7-1093x1536.jpg 1093w, https:\/\/www.suomussalmirock.fi\/wp-content\/uploads\/2025\/10\/juli7-1458x2048.jpg 1458w, https:\/\/www.suomussalmirock.fi\/wp-content\/uploads\/2025\/10\/juli7-scaled.jpg 1822w\" sizes=\"auto, (max-width: 729px) 100vw, 729px\" \/><\/figure>\n\n\n\n<p>2015-2018 Rokin p\u00e4\u00e4konsertti vaihtui J\u00e4tk\u00e4npuistoon, Nakke siirtyi johdosta sivuun 2015 j\u00e4lkeen ja Veikko Juntunen aloitti uutena vet\u00e4j\u00e4n\u00e4 2016.<\/p>\n\n\n\n<p>2019-2022 Rokin p\u00e4\u00e4konsertti oli torilla.<\/p>\n\n\n\n<figure class=\"wp-block-image size-full\"><img loading=\"lazy\" decoding=\"async\" width=\"968\" height=\"685\" src=\"https:\/\/www.suomussalmirock.fi\/wp-content\/uploads\/2025\/10\/juli9.jpg\" alt=\"\" class=\"wp-image-434\" srcset=\"https:\/\/www.suomussalmirock.fi\/wp-content\/uploads\/2025\/10\/juli9.jpg 968w, https:\/\/www.suomussalmirock.fi\/wp-content\/uploads\/2025\/10\/juli9-300x212.jpg 300w, https:\/\/www.suomussalmirock.fi\/wp-content\/uploads\/2025\/10\/juli9-768x543.jpg 768w\" sizes=\"auto, (max-width: 968px) 100vw, 968px\" \/><\/figure>\n\n\n\n<p>2022-2023 Korona rajoitti toimintaa.<\/p>\n\n\n\n<p>2024-2025 P\u00e4\u00e4konsertti pidettiin J\u00e4tk\u00e4npuistossa, Veikko Juntunen vet\u00e4ytyi johdosta. Uusi Suomussalmen Musiikkiyhdistys ry n\u00e4ki p\u00e4iv\u00e4nvalon elokuussa 2025 ja rokin johtoteht\u00e4viin palasi Nakke Rannikko. Vuonna 2026 on Suomussalmirokin 20 -juhlavuosi, joten kannetaan kaikki kortemme kekoon ensi kes\u00e4n\u00e4!<\/p>\n","protected":false},"excerpt":{"rendered":"<p>Suomussalmen Musiikkiyhdistys ry laitettiin alulle jo vuonna 1979. Virallinen perustamiskokous oli 17.5.1980. Perustajaj\u00e4senet olivat Seppo &#8221;Lepe&#8221; Haapalainen, Matti &#8221;Ato&#8221; Maukonen ja Jari &#8221;Jarska&#8221; Hiltunen. Vietettiin punkin j\u00e4lkimaininkeja ja uudenaallon nousuaikaa. El\u00e4v\u00e4n musiikin yhdistyksi\u00e4 nousi kuin sieni\u00e4 sateella ymp\u00e4ri Suomea ja omien festarien j\u00e4rjest\u00e4misinto ja talkoohenki oli huipussaan. B\u00e4ndej\u00e4kin syntyi enn\u00e4tysm\u00e4isen paljon punkin ja uudenaallon my\u00f6t\u00e4. [&hellip;]<\/p>\n","protected":false},"author":1,"featured_media":0,"parent":0,"menu_order":0,"comment_status":"closed","ping_status":"closed","template":"","meta":{"footnotes":""},"class_list":["post-327","page","type-page","status-publish","hentry"],"_links":{"self":[{"href":"https:\/\/www.suomussalmirock.fi\/index.php\/wp-json\/wp\/v2\/pages\/327","targetHints":{"allow":["GET"]}}],"collection":[{"href":"https:\/\/www.suomussalmirock.fi\/index.php\/wp-json\/wp\/v2\/pages"}],"about":[{"href":"https:\/\/www.suomussalmirock.fi\/index.php\/wp-json\/wp\/v2\/types\/page"}],"author":[{"embeddable":true,"href":"https:\/\/www.suomussalmirock.fi\/index.php\/wp-json\/wp\/v2\/users\/1"}],"replies":[{"embeddable":true,"href":"https:\/\/www.suomussalmirock.fi\/index.php\/wp-json\/wp\/v2\/comments?post=327"}],"version-history":[{"count":57,"href":"https:\/\/www.suomussalmirock.fi\/index.php\/wp-json\/wp\/v2\/pages\/327\/revisions"}],"predecessor-version":[{"id":448,"href":"https:\/\/www.suomussalmirock.fi\/index.php\/wp-json\/wp\/v2\/pages\/327\/revisions\/448"}],"wp:attachment":[{"href":"https:\/\/www.suomussalmirock.fi\/index.php\/wp-json\/wp\/v2\/media?parent=327"}],"curies":[{"name":"wp","href":"https:\/\/api.w.org\/{rel}","templated":true}]}}