{"id":35,"date":"2025-06-17T15:25:04","date_gmt":"2025-06-17T15:25:04","guid":{"rendered":"https:\/\/www.suomussalmirock.fi\/?page_id=35"},"modified":"2026-01-29T07:53:11","modified_gmt":"2026-01-29T07:53:11","slug":"kiannon-kuohut","status":"publish","type":"page","link":"https:\/\/www.suomussalmirock.fi\/index.php\/suomussalmirock-kumppanit-2\/kiannon-kuohut\/","title":{"rendered":"Hotelli Kiannon Kuohut"},"content":{"rendered":"\n<p><strong>Hotelli Kiannon kuohut<\/strong> tarjoaa laadukasta hotellitason majoitusta ja ruokaa.<\/p>\n\n\n\n<figure class=\"wp-block-image size-large\"><img loading=\"lazy\" decoding=\"async\" width=\"1024\" height=\"546\" src=\"https:\/\/www.suomussalmirock.fi\/wp-content\/uploads\/2025\/06\/KK_ilmakuva-1024x546.jpg\" alt=\"\" class=\"wp-image-135\" srcset=\"https:\/\/www.suomussalmirock.fi\/wp-content\/uploads\/2025\/06\/KK_ilmakuva-1024x546.jpg 1024w, https:\/\/www.suomussalmirock.fi\/wp-content\/uploads\/2025\/06\/KK_ilmakuva-300x160.jpg 300w, https:\/\/www.suomussalmirock.fi\/wp-content\/uploads\/2025\/06\/KK_ilmakuva-768x410.jpg 768w, https:\/\/www.suomussalmirock.fi\/wp-content\/uploads\/2025\/06\/KK_ilmakuva.jpg 1500w\" sizes=\"auto, (max-width: 1024px) 100vw, 1024px\" \/><\/figure>\n\n\n\n<p><strong>Vastaanottomme palvelee:<\/strong><\/p>\n\n\n\n<p><strong>9.6.2025 \u2013 31.8.2025<\/strong><\/p>\n\n\n\n<p>Ma \u2013 La klo. 07:00 \u2013 22:00<\/p>\n\n\n\n<p>Su klo. 08:00 \u2013 20:00<\/p>\n\n\n\n<p><\/p>\n\n\n\n<p>Kylpyl\u00e4hotelli Kiannon Kuohut on vaivaton ja monipuolinen lomakohde jokaisena vuodenaikana.<\/p>\n\n\n\n<p>Hotellissa viet\u00e4t rauhallisen ja rentouttavan loman.&nbsp; Halutessasi voit nauttia niin monipuolisista aktiviteeteista, retkist\u00e4 kuin kulttuuristakin aivan hotellista k\u00e4sin.<\/p>\n\n\n\n<p>Korkeatasoisen kylpyl\u00e4n ja kuntosalin palvelut sis\u00e4ltyv\u00e4t majoitukseen ja ovat k\u00e4ytett\u00e4viss\u00e4si kylpyl\u00e4n aukioloaikoina. Hotellimme yhteydess\u00e4 toimiva teatteri Retikka tarjoaa niin teatteri- kuin elokuvael\u00e4myksi\u00e4kin my\u00f6s hotellin asiakkaille.<\/p>\n\n\n\n<p>Palvelumme sopivat niin lapsiperheille, aikuisille kuin ik\u00e4\u00e4ntyneemmillekin.<\/p>\n\n\n\n<p>K\u00e4ytett\u00e4viss\u00e4si on my\u00f6s ilmainen WIFI koko hotellin alueella, sek\u00e4 maksuton autojen pys\u00e4k\u00f6inti. L\u00e4mmityspaikat veloitamme erikseen.<\/p>\n\n\n\n<p>Meille on helppo tulla!<\/p>\n\n\n\n<p>Vastaanoton ollessa suljettu, tavoitat meid\u00e4t puhelimitse:<\/p>\n\n\n\n<p>Y\u00f6p\u00e4ivystys yll\u00e4 mainituissa tilanteissa, puh. 0300 870 307 (Puhelun hinta 0,49\u20ac\/min + pvm\/mpm, max 3\u20ac\/puhelu:<\/p>\n\n\n\n<p> Ohessa linkki hotellin sivuille: <a href=\"https:\/\/kiannonkuohut.fi\/?gad_source=1&amp;gad_campaignid=9233771890&amp;gbraid=0AAAAACfa6JW_alc0MkGt2t8Zij6XFul0Z&amp;gclid=CjwKCAjwx8nCBhAwEiwA_z__00ZgxJiUq2rBoy4UQLT4KaXTwui3dx8w4uy1KVBMxQxO-nsu3IEN0RoCIIAQAvD_BwE\">kiannonkuohut.fi<\/a><\/p>\n\n\n\n<figure class=\"wp-block-image size-large\"><img loading=\"lazy\" decoding=\"async\" width=\"1024\" height=\"580\" src=\"https:\/\/www.suomussalmirock.fi\/wp-content\/uploads\/2025\/06\/Vaihtuva_Hieronta-allas-1024x580.jpg\" alt=\"\" class=\"wp-image-140\" srcset=\"https:\/\/www.suomussalmirock.fi\/wp-content\/uploads\/2025\/06\/Vaihtuva_Hieronta-allas-1024x580.jpg 1024w, https:\/\/www.suomussalmirock.fi\/wp-content\/uploads\/2025\/06\/Vaihtuva_Hieronta-allas-300x170.jpg 300w, https:\/\/www.suomussalmirock.fi\/wp-content\/uploads\/2025\/06\/Vaihtuva_Hieronta-allas-768x435.jpg 768w, https:\/\/www.suomussalmirock.fi\/wp-content\/uploads\/2025\/06\/Vaihtuva_Hieronta-allas.jpg 1500w\" sizes=\"auto, (max-width: 1024px) 100vw, 1024px\" \/><\/figure>\n\n\n\n<p>Hotellin yhteydess\u00e4 toimii my\u00f6s <strong>kylpyl\u00e4 Kiannon Kuohut<\/strong>. Ohessa linkki kylpyl\u00e4n sivuille:<a href=\"https:\/\/www.suomussalmi.fi\/fi\/kulttuuri-vapaa-aika-ja-nuoret\/kylpyla-kiannon-kuohut\"> kylpyla-kiannon-kuohut<\/a><\/p>\n\n\n\n<p><strong>Olemme mukana Suomussalmirockissa, perjantaina 17.7. ja lauantaina 18.7.2026! Seuraa ilmoitteluamme!<\/strong><\/p>\n\n\n\n<figure class=\"wp-block-image size-large\"><img loading=\"lazy\" decoding=\"async\" width=\"819\" height=\"1024\" src=\"http:\/\/www.suomussalmirock.fi\/wp-content\/uploads\/2026\/01\/WhatsApp-Image-2026-01-27-at-18.49.22-819x1024.jpeg\" alt=\"\" class=\"wp-image-516\" srcset=\"https:\/\/www.suomussalmirock.fi\/wp-content\/uploads\/2026\/01\/WhatsApp-Image-2026-01-27-at-18.49.22-819x1024.jpeg 819w, https:\/\/www.suomussalmirock.fi\/wp-content\/uploads\/2026\/01\/WhatsApp-Image-2026-01-27-at-18.49.22-240x300.jpeg 240w, https:\/\/www.suomussalmirock.fi\/wp-content\/uploads\/2026\/01\/WhatsApp-Image-2026-01-27-at-18.49.22-768x960.jpeg 768w, https:\/\/www.suomussalmirock.fi\/wp-content\/uploads\/2026\/01\/WhatsApp-Image-2026-01-27-at-18.49.22.jpeg 1080w\" sizes=\"auto, (max-width: 819px) 100vw, 819px\" \/><\/figure>\n","protected":false},"excerpt":{"rendered":"<p>Hotelli Kiannon kuohut tarjoaa laadukasta hotellitason majoitusta ja ruokaa. Vastaanottomme palvelee: 9.6.2025 \u2013 31.8.2025 Ma \u2013 La klo. 07:00 \u2013 22:00 Su klo. 08:00 \u2013 20:00 Kylpyl\u00e4hotelli Kiannon Kuohut on vaivaton ja monipuolinen lomakohde jokaisena vuodenaikana. Hotellissa viet\u00e4t rauhallisen ja rentouttavan loman.&nbsp; Halutessasi voit nauttia niin monipuolisista aktiviteeteista, retkist\u00e4 kuin kulttuuristakin aivan hotellista k\u00e4sin. Korkeatasoisen [&hellip;]<\/p>\n","protected":false},"author":1,"featured_media":0,"parent":338,"menu_order":2,"comment_status":"closed","ping_status":"closed","template":"","meta":{"footnotes":""},"class_list":["post-35","page","type-page","status-publish","hentry"],"_links":{"self":[{"href":"https:\/\/www.suomussalmirock.fi\/index.php\/wp-json\/wp\/v2\/pages\/35","targetHints":{"allow":["GET"]}}],"collection":[{"href":"https:\/\/www.suomussalmirock.fi\/index.php\/wp-json\/wp\/v2\/pages"}],"about":[{"href":"https:\/\/www.suomussalmirock.fi\/index.php\/wp-json\/wp\/v2\/types\/page"}],"author":[{"embeddable":true,"href":"https:\/\/www.suomussalmirock.fi\/index.php\/wp-json\/wp\/v2\/users\/1"}],"replies":[{"embeddable":true,"href":"https:\/\/www.suomussalmirock.fi\/index.php\/wp-json\/wp\/v2\/comments?post=35"}],"version-history":[{"count":16,"href":"https:\/\/www.suomussalmirock.fi\/index.php\/wp-json\/wp\/v2\/pages\/35\/revisions"}],"predecessor-version":[{"id":539,"href":"https:\/\/www.suomussalmirock.fi\/index.php\/wp-json\/wp\/v2\/pages\/35\/revisions\/539"}],"up":[{"embeddable":true,"href":"https:\/\/www.suomussalmirock.fi\/index.php\/wp-json\/wp\/v2\/pages\/338"}],"wp:attachment":[{"href":"https:\/\/www.suomussalmirock.fi\/index.php\/wp-json\/wp\/v2\/media?parent=35"}],"curies":[{"name":"wp","href":"https:\/\/api.w.org\/{rel}","templated":true}]}}