{"id":38,"date":"2025-06-17T15:26:50","date_gmt":"2025-06-17T15:26:50","guid":{"rendered":"https:\/\/www.suomussalmirock.fi\/?page_id=38"},"modified":"2026-01-29T07:54:14","modified_gmt":"2026-01-29T07:54:14","slug":"mn-kievari","status":"publish","type":"page","link":"https:\/\/www.suomussalmirock.fi\/index.php\/suomussalmirock-kumppanit-2\/mn-kievari\/","title":{"rendered":"MN Kievari"},"content":{"rendered":"\n<p><strong>Vanha legendaarinen Kievari tarjoaa mukavaa tunnelmaa, hyv\u00e4\u00e4 pubiruokaa, karaokea ja paljon kavereita!<\/strong><\/p>\n\n\n\n<figure class=\"wp-block-image size-large\"><img loading=\"lazy\" decoding=\"async\" width=\"1024\" height=\"494\" src=\"https:\/\/www.suomussalmirock.fi\/wp-content\/uploads\/2025\/06\/mestari-1-1024x494.jpg\" alt=\"\" class=\"wp-image-161\" srcset=\"https:\/\/www.suomussalmirock.fi\/wp-content\/uploads\/2025\/06\/mestari-1-1024x494.jpg 1024w, https:\/\/www.suomussalmirock.fi\/wp-content\/uploads\/2025\/06\/mestari-1-300x145.jpg 300w, https:\/\/www.suomussalmirock.fi\/wp-content\/uploads\/2025\/06\/mestari-1-768x371.jpg 768w, https:\/\/www.suomussalmirock.fi\/wp-content\/uploads\/2025\/06\/mestari-1.jpg 1202w\" sizes=\"auto, (max-width: 1024px) 100vw, 1024px\" \/><\/figure>\n\n\n\n<p><\/p>\n\n\n\n<p>MN Kievarissa voit kuluttaa aikaa lukemalla p\u00e4iv\u00e4lehti\u00e4 ja juomalla olutta tai tavata rennosti tuttuja omassa kantapaikassa ja nauttia hyv\u00e4\u00e4 pubiruokaa!<\/p>\n\n\n\n<figure class=\"wp-block-image size-large\"><img loading=\"lazy\" decoding=\"async\" width=\"1024\" height=\"456\" src=\"https:\/\/www.suomussalmirock.fi\/wp-content\/uploads\/2025\/06\/Mestari-2-1024x456.jpg\" alt=\"\" class=\"wp-image-163\" srcset=\"https:\/\/www.suomussalmirock.fi\/wp-content\/uploads\/2025\/06\/Mestari-2-1024x456.jpg 1024w, https:\/\/www.suomussalmirock.fi\/wp-content\/uploads\/2025\/06\/Mestari-2-300x134.jpg 300w, https:\/\/www.suomussalmirock.fi\/wp-content\/uploads\/2025\/06\/Mestari-2-768x342.jpg 768w, https:\/\/www.suomussalmirock.fi\/wp-content\/uploads\/2025\/06\/Mestari-2.jpg 1206w\" sizes=\"auto, (max-width: 1024px) 100vw, 1024px\" \/><\/figure>\n\n\n\n<p><strong>Meilt\u00e4 l\u00f6yd\u00e4t esimerkiksi automaattipelej\u00e4, p\u00e4iv\u00e4n lehdet, lautapelej\u00e4 ja television. Meill\u00e4 hoilataan my\u00f6s iloista karaokea ja pelataan bingoa!<\/strong><\/p>\n\n\n\n<p><strong>L\u00e4mpim\u00e4sti tervetuloa mukavan puheensorinan t\u00e4ytt\u00e4m\u00e4\u00e4n Ravintola MN Kievariin! Olemme mukana Suomussalmirockissa koko viikon, seuraa ilmoitteluamme!<\/strong><\/p>\n\n\n\n<figure class=\"wp-block-image size-large\"><img loading=\"lazy\" decoding=\"async\" width=\"819\" height=\"1024\" src=\"http:\/\/www.suomussalmirock.fi\/wp-content\/uploads\/2026\/01\/WhatsApp-Image-2026-01-27-at-18.49.22-819x1024.jpeg\" alt=\"\" class=\"wp-image-516\" srcset=\"https:\/\/www.suomussalmirock.fi\/wp-content\/uploads\/2026\/01\/WhatsApp-Image-2026-01-27-at-18.49.22-819x1024.jpeg 819w, https:\/\/www.suomussalmirock.fi\/wp-content\/uploads\/2026\/01\/WhatsApp-Image-2026-01-27-at-18.49.22-240x300.jpeg 240w, https:\/\/www.suomussalmirock.fi\/wp-content\/uploads\/2026\/01\/WhatsApp-Image-2026-01-27-at-18.49.22-768x960.jpeg 768w, https:\/\/www.suomussalmirock.fi\/wp-content\/uploads\/2026\/01\/WhatsApp-Image-2026-01-27-at-18.49.22.jpeg 1080w\" sizes=\"auto, (max-width: 819px) 100vw, 819px\" \/><\/figure>\n\n\n\n<figure class=\"wp-block-image size-large\"><img loading=\"lazy\" decoding=\"async\" width=\"1024\" height=\"385\" src=\"http:\/\/www.suomussalmirock.fi\/wp-content\/uploads\/2026\/01\/logo-26-kopio-1024x385.jpg\" alt=\"\" class=\"wp-image-449\" srcset=\"https:\/\/www.suomussalmirock.fi\/wp-content\/uploads\/2026\/01\/logo-26-kopio-1024x385.jpg 1024w, https:\/\/www.suomussalmirock.fi\/wp-content\/uploads\/2026\/01\/logo-26-kopio-300x113.jpg 300w, https:\/\/www.suomussalmirock.fi\/wp-content\/uploads\/2026\/01\/logo-26-kopio-768x289.jpg 768w, https:\/\/www.suomussalmirock.fi\/wp-content\/uploads\/2026\/01\/logo-26-kopio-1536x578.jpg 1536w, https:\/\/www.suomussalmirock.fi\/wp-content\/uploads\/2026\/01\/logo-26-kopio-2048x770.jpg 2048w\" sizes=\"auto, (max-width: 1024px) 100vw, 1024px\" \/><\/figure>\n","protected":false},"excerpt":{"rendered":"<p>Vanha legendaarinen Kievari tarjoaa mukavaa tunnelmaa, hyv\u00e4\u00e4 pubiruokaa, karaokea ja paljon kavereita! MN Kievarissa voit kuluttaa aikaa lukemalla p\u00e4iv\u00e4lehti\u00e4 ja juomalla olutta tai tavata rennosti tuttuja omassa kantapaikassa ja nauttia hyv\u00e4\u00e4 pubiruokaa! Meilt\u00e4 l\u00f6yd\u00e4t esimerkiksi automaattipelej\u00e4, p\u00e4iv\u00e4n lehdet, lautapelej\u00e4 ja television. Meill\u00e4 hoilataan my\u00f6s iloista karaokea ja pelataan bingoa! L\u00e4mpim\u00e4sti tervetuloa mukavan puheensorinan t\u00e4ytt\u00e4m\u00e4\u00e4n Ravintola [&hellip;]<\/p>\n","protected":false},"author":1,"featured_media":0,"parent":338,"menu_order":6,"comment_status":"closed","ping_status":"closed","template":"","meta":{"footnotes":""},"class_list":["post-38","page","type-page","status-publish","hentry"],"_links":{"self":[{"href":"https:\/\/www.suomussalmirock.fi\/index.php\/wp-json\/wp\/v2\/pages\/38","targetHints":{"allow":["GET"]}}],"collection":[{"href":"https:\/\/www.suomussalmirock.fi\/index.php\/wp-json\/wp\/v2\/pages"}],"about":[{"href":"https:\/\/www.suomussalmirock.fi\/index.php\/wp-json\/wp\/v2\/types\/page"}],"author":[{"embeddable":true,"href":"https:\/\/www.suomussalmirock.fi\/index.php\/wp-json\/wp\/v2\/users\/1"}],"replies":[{"embeddable":true,"href":"https:\/\/www.suomussalmirock.fi\/index.php\/wp-json\/wp\/v2\/comments?post=38"}],"version-history":[{"count":9,"href":"https:\/\/www.suomussalmirock.fi\/index.php\/wp-json\/wp\/v2\/pages\/38\/revisions"}],"predecessor-version":[{"id":540,"href":"https:\/\/www.suomussalmirock.fi\/index.php\/wp-json\/wp\/v2\/pages\/38\/revisions\/540"}],"up":[{"embeddable":true,"href":"https:\/\/www.suomussalmirock.fi\/index.php\/wp-json\/wp\/v2\/pages\/338"}],"wp:attachment":[{"href":"https:\/\/www.suomussalmirock.fi\/index.php\/wp-json\/wp\/v2\/media?parent=38"}],"curies":[{"name":"wp","href":"https:\/\/api.w.org\/{rel}","templated":true}]}}