{"id":42,"date":"2025-06-17T15:30:52","date_gmt":"2025-06-17T15:30:52","guid":{"rendered":"https:\/\/www.suomussalmirock.fi\/?page_id=42"},"modified":"2026-01-20T07:07:43","modified_gmt":"2026-01-20T07:07:43","slug":"soiva-kianta-laiva","status":"publish","type":"page","link":"https:\/\/www.suomussalmirock.fi\/index.php\/suomussalmirock-kumppanit-2\/soiva-kianta-laiva\/","title":{"rendered":"Soiva-laiva"},"content":{"rendered":"\n<figure class=\"wp-block-image size-large\"><img loading=\"lazy\" decoding=\"async\" width=\"1024\" height=\"385\" src=\"http:\/\/www.suomussalmirock.fi\/wp-content\/uploads\/2026\/01\/logo-26-kopio-1024x385.jpg\" alt=\"\" class=\"wp-image-449\" srcset=\"https:\/\/www.suomussalmirock.fi\/wp-content\/uploads\/2026\/01\/logo-26-kopio-1024x385.jpg 1024w, https:\/\/www.suomussalmirock.fi\/wp-content\/uploads\/2026\/01\/logo-26-kopio-300x113.jpg 300w, https:\/\/www.suomussalmirock.fi\/wp-content\/uploads\/2026\/01\/logo-26-kopio-768x289.jpg 768w, https:\/\/www.suomussalmirock.fi\/wp-content\/uploads\/2026\/01\/logo-26-kopio-1536x578.jpg 1536w, https:\/\/www.suomussalmirock.fi\/wp-content\/uploads\/2026\/01\/logo-26-kopio-2048x770.jpg 2048w\" sizes=\"auto, (max-width: 1024px) 100vw, 1024px\" \/><\/figure>\n\n\n\n<p>Kes\u00e4n 2026 musiikkiristeilyjen l\u00e4hd\u00f6t ilmoitetaan my\u00f6hemmin.<\/p>\n\n\n\n<figure class=\"wp-block-image size-large\"><img loading=\"lazy\" decoding=\"async\" width=\"1024\" height=\"432\" src=\"https:\/\/www.suomussalmirock.fi\/wp-content\/uploads\/2025\/06\/Kianta-laiva-1024x432.jpg\" alt=\"\" class=\"wp-image-108\" srcset=\"https:\/\/www.suomussalmirock.fi\/wp-content\/uploads\/2025\/06\/Kianta-laiva-1024x432.jpg 1024w, https:\/\/www.suomussalmirock.fi\/wp-content\/uploads\/2025\/06\/Kianta-laiva-300x127.jpg 300w, https:\/\/www.suomussalmirock.fi\/wp-content\/uploads\/2025\/06\/Kianta-laiva-768x324.jpg 768w, https:\/\/www.suomussalmirock.fi\/wp-content\/uploads\/2025\/06\/Kianta-laiva-1536x648.jpg 1536w, https:\/\/www.suomussalmirock.fi\/wp-content\/uploads\/2025\/06\/Kianta-laiva-2048x864.jpg 2048w\" sizes=\"auto, (max-width: 1024px) 100vw, 1024px\" \/><figcaption class=\"wp-element-caption\">kuva: Visit Suomussalmi<\/figcaption><\/figure>\n\n\n\n<p><\/p>\n","protected":false},"excerpt":{"rendered":"<p>Kes\u00e4n 2026 musiikkiristeilyjen l\u00e4hd\u00f6t ilmoitetaan my\u00f6hemmin.<\/p>\n","protected":false},"author":1,"featured_media":0,"parent":338,"menu_order":8,"comment_status":"closed","ping_status":"closed","template":"","meta":{"footnotes":""},"class_list":["post-42","page","type-page","status-publish","hentry"],"_links":{"self":[{"href":"https:\/\/www.suomussalmirock.fi\/index.php\/wp-json\/wp\/v2\/pages\/42","targetHints":{"allow":["GET"]}}],"collection":[{"href":"https:\/\/www.suomussalmirock.fi\/index.php\/wp-json\/wp\/v2\/pages"}],"about":[{"href":"https:\/\/www.suomussalmirock.fi\/index.php\/wp-json\/wp\/v2\/types\/page"}],"author":[{"embeddable":true,"href":"https:\/\/www.suomussalmirock.fi\/index.php\/wp-json\/wp\/v2\/users\/1"}],"replies":[{"embeddable":true,"href":"https:\/\/www.suomussalmirock.fi\/index.php\/wp-json\/wp\/v2\/comments?post=42"}],"version-history":[{"count":26,"href":"https:\/\/www.suomussalmirock.fi\/index.php\/wp-json\/wp\/v2\/pages\/42\/revisions"}],"predecessor-version":[{"id":467,"href":"https:\/\/www.suomussalmirock.fi\/index.php\/wp-json\/wp\/v2\/pages\/42\/revisions\/467"}],"up":[{"embeddable":true,"href":"https:\/\/www.suomussalmirock.fi\/index.php\/wp-json\/wp\/v2\/pages\/338"}],"wp:attachment":[{"href":"https:\/\/www.suomussalmirock.fi\/index.php\/wp-json\/wp\/v2\/media?parent=42"}],"curies":[{"name":"wp","href":"https:\/\/api.w.org\/{rel}","templated":true}]}}