{"id":57,"date":"2025-06-17T15:45:10","date_gmt":"2025-06-17T15:45:10","guid":{"rendered":"https:\/\/www.suomussalmirock.fi\/?page_id=57"},"modified":"2026-01-29T07:28:39","modified_gmt":"2026-01-29T07:28:39","slug":"matkamoilasen-rokkibussi","status":"publish","type":"page","link":"https:\/\/www.suomussalmirock.fi\/index.php\/suomussalmirock-kumppanit-2\/matkamoilasen-rokkibussi\/","title":{"rendered":"Matka-Moilasen rokkibussi"},"content":{"rendered":"\n<figure class=\"wp-block-image size-full\"><img loading=\"lazy\" decoding=\"async\" width=\"1000\" height=\"667\" src=\"http:\/\/www.suomussalmirock.fi\/wp-content\/uploads\/2025\/06\/matka.jpg\" alt=\"\" class=\"wp-image-100\" srcset=\"https:\/\/www.suomussalmirock.fi\/wp-content\/uploads\/2025\/06\/matka.jpg 1000w, https:\/\/www.suomussalmirock.fi\/wp-content\/uploads\/2025\/06\/matka-300x200.jpg 300w, https:\/\/www.suomussalmirock.fi\/wp-content\/uploads\/2025\/06\/matka-768x512.jpg 768w\" sizes=\"auto, (max-width: 1000px) 100vw, 1000px\" \/><\/figure>\n\n\n\n<p><strong>Matka-Moilanen eli Tilausmatkat Oy<\/strong> kuljettaa rokkikansaa Suomussalmirock-viikonloppuna perjantai- ja lauantai iltoina \u00c4mm\u00e4nsaaren ja Suomussalmen vanhan kirkonkyl\u00e4n v\u00e4lill\u00e4. Tarkat aikataulut kuljetuksiin p\u00e4ivittyv\u00e4t my\u00f6hrmmin t\u00e4lle sivulle, pysy kuulolla!<\/p>\n\n\n\n<figure class=\"wp-block-image size-large\"><img loading=\"lazy\" decoding=\"async\" width=\"819\" height=\"1024\" src=\"http:\/\/www.suomussalmirock.fi\/wp-content\/uploads\/2026\/01\/WhatsApp-Image-2026-01-27-at-18.49.22-819x1024.jpeg\" alt=\"\" class=\"wp-image-516\" srcset=\"https:\/\/www.suomussalmirock.fi\/wp-content\/uploads\/2026\/01\/WhatsApp-Image-2026-01-27-at-18.49.22-819x1024.jpeg 819w, https:\/\/www.suomussalmirock.fi\/wp-content\/uploads\/2026\/01\/WhatsApp-Image-2026-01-27-at-18.49.22-240x300.jpeg 240w, https:\/\/www.suomussalmirock.fi\/wp-content\/uploads\/2026\/01\/WhatsApp-Image-2026-01-27-at-18.49.22-768x960.jpeg 768w, https:\/\/www.suomussalmirock.fi\/wp-content\/uploads\/2026\/01\/WhatsApp-Image-2026-01-27-at-18.49.22.jpeg 1080w\" sizes=\"auto, (max-width: 819px) 100vw, 819px\" \/><\/figure>\n\n\n\n<figure class=\"wp-block-image size-large\"><img loading=\"lazy\" decoding=\"async\" width=\"1024\" height=\"385\" src=\"http:\/\/www.suomussalmirock.fi\/wp-content\/uploads\/2026\/01\/logo-26-kopio-1024x385.jpg\" alt=\"\" class=\"wp-image-449\" srcset=\"https:\/\/www.suomussalmirock.fi\/wp-content\/uploads\/2026\/01\/logo-26-kopio-1024x385.jpg 1024w, https:\/\/www.suomussalmirock.fi\/wp-content\/uploads\/2026\/01\/logo-26-kopio-300x113.jpg 300w, https:\/\/www.suomussalmirock.fi\/wp-content\/uploads\/2026\/01\/logo-26-kopio-768x289.jpg 768w, https:\/\/www.suomussalmirock.fi\/wp-content\/uploads\/2026\/01\/logo-26-kopio-1536x578.jpg 1536w, https:\/\/www.suomussalmirock.fi\/wp-content\/uploads\/2026\/01\/logo-26-kopio-2048x770.jpg 2048w\" sizes=\"auto, (max-width: 1024px) 100vw, 1024px\" \/><\/figure>\n\n\n\n<p>Lis\u00e4tietoja kuljetuksista Pekka Moilanen 0400-381562<\/p>\n\n\n\n<h2 class=\"wp-block-heading\">\u00c4mm\u00e4n Hotelli ja Oilola<\/h2>\n\n\n\n<figure class=\"wp-block-image size-full\"><img loading=\"lazy\" decoding=\"async\" width=\"564\" height=\"308\" src=\"https:\/\/www.suomussalmirock.fi\/wp-content\/uploads\/2025\/06\/Amman-hotelli.jpg\" alt=\"\" class=\"wp-image-98\" srcset=\"https:\/\/www.suomussalmirock.fi\/wp-content\/uploads\/2025\/06\/Amman-hotelli.jpg 564w, https:\/\/www.suomussalmirock.fi\/wp-content\/uploads\/2025\/06\/Amman-hotelli-300x164.jpg 300w\" sizes=\"auto, (max-width: 564px) 100vw, 564px\" \/><\/figure>\n\n\n\n<p>Tarjoavat laadukasta majoitusta aivan \u00c4mm\u00e4nsaaren kupeelta. Huonevarauksista voit kysy\u00e4 Tilausmatkat Oy:n sivuilta<a href=\"https:\/\/www.tilausmatkat.info\/etusivu.html\" data-type=\"link\" data-id=\"https:\/\/www.tilausmatkat.info\/etusivu.html\">: www.tilausmatkat.info<\/a><\/p>\n\n\n\n<p><\/p>\n","protected":false},"excerpt":{"rendered":"<p>Matka-Moilanen eli Tilausmatkat Oy kuljettaa rokkikansaa Suomussalmirock-viikonloppuna perjantai- ja lauantai iltoina \u00c4mm\u00e4nsaaren ja Suomussalmen vanhan kirkonkyl\u00e4n v\u00e4lill\u00e4. Tarkat aikataulut kuljetuksiin p\u00e4ivittyv\u00e4t my\u00f6hrmmin t\u00e4lle sivulle, pysy kuulolla! Lis\u00e4tietoja kuljetuksista Pekka Moilanen 0400-381562 \u00c4mm\u00e4n Hotelli ja Oilola Tarjoavat laadukasta majoitusta aivan \u00c4mm\u00e4nsaaren kupeelta. Huonevarauksista voit kysy\u00e4 Tilausmatkat Oy:n sivuilta: www.tilausmatkat.info<\/p>\n","protected":false},"author":1,"featured_media":0,"parent":338,"menu_order":5,"comment_status":"closed","ping_status":"closed","template":"","meta":{"footnotes":""},"class_list":["post-57","page","type-page","status-publish","hentry"],"_links":{"self":[{"href":"https:\/\/www.suomussalmirock.fi\/index.php\/wp-json\/wp\/v2\/pages\/57","targetHints":{"allow":["GET"]}}],"collection":[{"href":"https:\/\/www.suomussalmirock.fi\/index.php\/wp-json\/wp\/v2\/pages"}],"about":[{"href":"https:\/\/www.suomussalmirock.fi\/index.php\/wp-json\/wp\/v2\/types\/page"}],"author":[{"embeddable":true,"href":"https:\/\/www.suomussalmirock.fi\/index.php\/wp-json\/wp\/v2\/users\/1"}],"replies":[{"embeddable":true,"href":"https:\/\/www.suomussalmirock.fi\/index.php\/wp-json\/wp\/v2\/comments?post=57"}],"version-history":[{"count":15,"href":"https:\/\/www.suomussalmirock.fi\/index.php\/wp-json\/wp\/v2\/pages\/57\/revisions"}],"predecessor-version":[{"id":531,"href":"https:\/\/www.suomussalmirock.fi\/index.php\/wp-json\/wp\/v2\/pages\/57\/revisions\/531"}],"up":[{"embeddable":true,"href":"https:\/\/www.suomussalmirock.fi\/index.php\/wp-json\/wp\/v2\/pages\/338"}],"wp:attachment":[{"href":"https:\/\/www.suomussalmirock.fi\/index.php\/wp-json\/wp\/v2\/media?parent=57"}],"curies":[{"name":"wp","href":"https:\/\/api.w.org\/{rel}","templated":true}]}}